{"id":92,"date":"2017-01-14T10:33:01","date_gmt":"2017-01-14T09:33:01","guid":{"rendered":"http:\/\/wsk-hessen.de\/?page_id=92"},"modified":"2026-04-06T19:26:11","modified_gmt":"2026-04-06T17:26:11","slug":"termine-sportschuetzen","status":"publish","type":"page","link":"https:\/\/wsk-hessen.de\/?page_id=92","title":{"rendered":"Termine Sportsch\u00fctzen"},"content":{"rendered":"<h2><strong>Termine Waffensachkunde f\u00fcr Sportsch\u00fctzen 2026:<br \/><\/strong><\/h2>\n<h3>\u00a0<\/h3>\n<h3><strong><span style=\"color: #ff0000;\"><span style=\"color: #000000;\">25.04.2026 und 26.04.2026<\/span><\/span><\/strong><\/h3>\n<h3 style=\"padding-left: 40px;\">Anmeldefrist bis 05.04.2026 <strong>\u2192 <\/strong>Status:<strong>geschlossen<\/strong><\/h3>\n<h3>\u00a0<\/h3>\n<h3><strong>26.09.2026 und 27.09.2026<\/strong><\/h3>\n<h3 style=\"padding-left: 40px;\">Anmeldefrist bis 06.09.2026 <strong>\u2192 <\/strong>Status: <strong>offen<\/strong><\/h3>\n<h4>\u00a0<\/h4>\n<h4><strong>Bei allen Lehrg\u00e4ngen sind mindestens 10 Teilnehmer notwendig.<\/strong><\/h4>\n<h4>Die Termine finden i.d.R. im Sch\u00fctzehaus des Sch\u00fctzevereins Schwalmpforte e.V. in 34582 Borken-Kerstenhausen statt.<\/h4>\n<h3><span style=\"color: #ff0000;\"><strong>Wichtig:<\/strong><\/span><\/h3>\n<h3><strong>Das <a href=\"https:\/\/wsk-hessen.de\/?attachment_id=401\">Anmeldeformular f\u00fcr Sportsch\u00fctzen<\/a> bitte leserlich ausf\u00fcllen und unbedingt eine eMail-Adresse angeben !!!<\/strong><\/h3>\n<h4>Unvollst\u00e4ndig oder unleserlich ausgef\u00fcllte Anmeldeb\u00f6gen werden nicht bearbeitet.<\/h4>\n<h4>Eine verbindliche Zusage zur Teilnahme am Lehrgang erhalten Sie erst nach dem Ende der Anmeldefrist per Mail vom Lehrgangstr\u00e4ger zusammen mit allen notwendigen Informationen.<\/h4>\n\n\n<p><\/p>\n","protected":false},"excerpt":{"rendered":"<p>Termine Waffensachkunde f\u00fcr Sportsch\u00fctzen 2026: \u00a0 25.04.2026 und 26.04.2026 Anmeldefrist bis 05.04.2026 \u2192 Status:geschlossen \u00a0 26.09.2026 und 27.09.2026 Anmeldefrist bis 06.09.2026 \u2192 Status: offen \u00a0 Bei allen Lehrg\u00e4ngen sind mindestens 10 Teilnehmer notwendig. Die Termine finden i.d.R. im Sch\u00fctzehaus des Sch\u00fctzevereins Schwalmpforte e.V. in 34582 Borken-Kerstenhausen statt. Wichtig: Das Anmeldeformular f\u00fcr Sportsch\u00fctzen bitte leserlich ausf\u00fcllen [&hellip;]<\/p>\n","protected":false},"author":1,"featured_media":0,"parent":0,"menu_order":0,"comment_status":"closed","ping_status":"closed","template":"","meta":[],"_links":{"self":[{"href":"https:\/\/wsk-hessen.de\/index.php?rest_route=\/wp\/v2\/pages\/92"}],"collection":[{"href":"https:\/\/wsk-hessen.de\/index.php?rest_route=\/wp\/v2\/pages"}],"about":[{"href":"https:\/\/wsk-hessen.de\/index.php?rest_route=\/wp\/v2\/types\/page"}],"author":[{"embeddable":true,"href":"https:\/\/wsk-hessen.de\/index.php?rest_route=\/wp\/v2\/users\/1"}],"replies":[{"embeddable":true,"href":"https:\/\/wsk-hessen.de\/index.php?rest_route=%2Fwp%2Fv2%2Fcomments&post=92"}],"version-history":[{"count":10,"href":"https:\/\/wsk-hessen.de\/index.php?rest_route=\/wp\/v2\/pages\/92\/revisions"}],"predecessor-version":[{"id":409,"href":"https:\/\/wsk-hessen.de\/index.php?rest_route=\/wp\/v2\/pages\/92\/revisions\/409"}],"wp:attachment":[{"href":"https:\/\/wsk-hessen.de\/index.php?rest_route=%2Fwp%2Fv2%2Fmedia&parent=92"}],"curies":[{"name":"wp","href":"https:\/\/api.w.org\/{rel}","templated":true}]}}