{"id":66,"date":"2016-06-24T18:19:56","date_gmt":"2016-06-24T16:19:56","guid":{"rendered":"http:\/\/wsk-hessen.de\/?page_id=66"},"modified":"2018-12-18T02:08:48","modified_gmt":"2018-12-18T01:08:48","slug":"schiessnachweise","status":"publish","type":"page","link":"https:\/\/wsk-hessen.de\/?page_id=66","title":{"rendered":"Schiessnachweise"},"content":{"rendered":"<h1><span style=\"text-decoration: underline;\"><strong>Schie\u00dfnachweise f\u00fcr Berufswaffentr\u00e4ger<\/strong><\/span><\/h1>\n<p>&nbsp;<\/p>\n<h3>Auf Grundlage des \u00a7 18 der Unfallverh\u00fctungsvorschrift f\u00fcr Wach- und Sicherungsdienste (DGUV V 23) haben Tr\u00e4ger von Schusswaffen regelm\u00e4\u00dfig an Schie\u00df\u00fcbungen teilzunehmen und ihre Schie\u00dffertigkeit sowie die Sachkunde nach dem Waffenrecht nachzuweisen.<\/h3>\n<p>&nbsp;<\/p>\n<h3>Um diesen Anforderungen gerecht zu werden, veranstalten wir f\u00fcr Firmen eint\u00e4gige Lehrg\u00e4nge zum Nachweis der Schie\u00dffertigkeit sowie der Sachkunde gem. Waffengesetz.<\/h3>\n<p>&nbsp;<\/p>\n<h3>Zur individuellen Terminvereinbarung nutzen Sie bitte das <a href=\"https:\/\/wsk-hessen.de\/kontakt\/\">Kontaktformular<\/a> oder sende Sie uns eine <a href=\"mailto:b.triebfuerst@wsk-hessen.de\">eMail<\/a>.<\/h3>\n","protected":false},"excerpt":{"rendered":"<p>Schie\u00dfnachweise f\u00fcr Berufswaffentr\u00e4ger &nbsp; Auf Grundlage des \u00a7 18 der Unfallverh\u00fctungsvorschrift f\u00fcr Wach- und Sicherungsdienste (DGUV V 23) haben Tr\u00e4ger von Schusswaffen regelm\u00e4\u00dfig an Schie\u00df\u00fcbungen teilzunehmen und ihre Schie\u00dffertigkeit sowie die Sachkunde nach dem Waffenrecht nachzuweisen. &nbsp; Um diesen Anforderungen gerecht zu werden, veranstalten wir f\u00fcr Firmen eint\u00e4gige Lehrg\u00e4nge zum Nachweis der Schie\u00dffertigkeit sowie der [&hellip;]<\/p>\n","protected":false},"author":1,"featured_media":0,"parent":14,"menu_order":0,"comment_status":"closed","ping_status":"closed","template":"","meta":[],"_links":{"self":[{"href":"https:\/\/wsk-hessen.de\/index.php?rest_route=\/wp\/v2\/pages\/66"}],"collection":[{"href":"https:\/\/wsk-hessen.de\/index.php?rest_route=\/wp\/v2\/pages"}],"about":[{"href":"https:\/\/wsk-hessen.de\/index.php?rest_route=\/wp\/v2\/types\/page"}],"author":[{"embeddable":true,"href":"https:\/\/wsk-hessen.de\/index.php?rest_route=\/wp\/v2\/users\/1"}],"replies":[{"embeddable":true,"href":"https:\/\/wsk-hessen.de\/index.php?rest_route=%2Fwp%2Fv2%2Fcomments&post=66"}],"version-history":[{"count":4,"href":"https:\/\/wsk-hessen.de\/index.php?rest_route=\/wp\/v2\/pages\/66\/revisions"}],"predecessor-version":[{"id":78,"href":"https:\/\/wsk-hessen.de\/index.php?rest_route=\/wp\/v2\/pages\/66\/revisions\/78"}],"up":[{"embeddable":true,"href":"https:\/\/wsk-hessen.de\/index.php?rest_route=\/wp\/v2\/pages\/14"}],"wp:attachment":[{"href":"https:\/\/wsk-hessen.de\/index.php?rest_route=%2Fwp%2Fv2%2Fmedia&parent=66"}],"curies":[{"name":"wp","href":"https:\/\/api.w.org\/{rel}","templated":true}]}}