{"id":40,"date":"2016-06-24T16:13:29","date_gmt":"2016-06-24T14:13:29","guid":{"rendered":"http:\/\/wsk-hessen.de\/?page_id=40"},"modified":"2026-04-06T19:30:51","modified_gmt":"2026-04-06T17:30:51","slug":"termine","status":"publish","type":"page","link":"https:\/\/wsk-hessen.de\/?page_id=40","title":{"rendered":"Termin\u00fcbersicht"},"content":{"rendered":"<h1><strong><span style=\"text-decoration: underline;\">Aktuelle Lehrgangs-Termine<\/span><\/strong><\/h1>\n<p>\u00a0<\/p>\n<h1><strong><span style=\"text-decoration: underline;\">Waffesachkunde f\u00fcr Sportsch\u00fctzen<\/span><\/strong><\/h1>\n<h2>Die Termine f\u00fcr 2026 stehen fest.<\/h2>\n<h4><a title=\"Termine Sportsch\u00fctzen\" href=\"https:\/\/wsk-hessen.de\/?page_id=92\">Details<\/a><\/h4>\n<p>\u00a0<\/p>\n<h2><strong><span style=\"text-decoration: underline;\">Waffensachkunde f\u00fcr Berufswaffentr\u00e4ger<\/span><\/strong><\/h2>\n<h3>Termine derzeit nur nach Vereibarung<\/h3>\n<p>\u00a0<\/p>\n<h2><strong><span style=\"text-decoration: underline;\">Nachweis nach \u00a7 18 Unfallverh\u00fctungsvorschrift Wach- und Sicherungsdienste (DGUV V23)<\/span><\/strong><\/h2>\n<h3>Termine f\u00fcr die &#8222;Schie\u00dfnachweise f\u00fcr Berufswaffentr\u00e4ger&#8220; nach Vereibarung<\/h3>\n<p>\u00a0<\/p>\n\n\n<p><\/p>\n","protected":false},"excerpt":{"rendered":"<p>Aktuelle Lehrgangs-Termine \u00a0 Waffesachkunde f\u00fcr Sportsch\u00fctzen Die Termine f\u00fcr 2026 stehen fest. Details \u00a0 Waffensachkunde f\u00fcr Berufswaffentr\u00e4ger Termine derzeit nur nach Vereibarung \u00a0 Nachweis nach \u00a7 18 Unfallverh\u00fctungsvorschrift Wach- und Sicherungsdienste (DGUV V23) Termine f\u00fcr die &#8222;Schie\u00dfnachweise f\u00fcr Berufswaffentr\u00e4ger&#8220; nach Vereibarung \u00a0<\/p>\n","protected":false},"author":1,"featured_media":0,"parent":0,"menu_order":0,"comment_status":"closed","ping_status":"closed","template":"","meta":[],"_links":{"self":[{"href":"https:\/\/wsk-hessen.de\/index.php?rest_route=\/wp\/v2\/pages\/40"}],"collection":[{"href":"https:\/\/wsk-hessen.de\/index.php?rest_route=\/wp\/v2\/pages"}],"about":[{"href":"https:\/\/wsk-hessen.de\/index.php?rest_route=\/wp\/v2\/types\/page"}],"author":[{"embeddable":true,"href":"https:\/\/wsk-hessen.de\/index.php?rest_route=\/wp\/v2\/users\/1"}],"replies":[{"embeddable":true,"href":"https:\/\/wsk-hessen.de\/index.php?rest_route=%2Fwp%2Fv2%2Fcomments&post=40"}],"version-history":[{"count":10,"href":"https:\/\/wsk-hessen.de\/index.php?rest_route=\/wp\/v2\/pages\/40\/revisions"}],"predecessor-version":[{"id":412,"href":"https:\/\/wsk-hessen.de\/index.php?rest_route=\/wp\/v2\/pages\/40\/revisions\/412"}],"wp:attachment":[{"href":"https:\/\/wsk-hessen.de\/index.php?rest_route=%2Fwp%2Fv2%2Fmedia&parent=40"}],"curies":[{"name":"wp","href":"https:\/\/api.w.org\/{rel}","templated":true}]}}