{"id":241,"date":"2018-12-19T22:14:20","date_gmt":"2018-12-19T21:14:20","guid":{"rendered":"http:\/\/wsk-hessen.de\/?page_id=241"},"modified":"2026-04-06T19:17:41","modified_gmt":"2026-04-06T17:17:41","slug":"downloads","status":"publish","type":"page","link":"https:\/\/wsk-hessen.de\/?page_id=241","title":{"rendered":"Downloads"},"content":{"rendered":"\n<p class=\"has-medium-font-size\"><a href=\"https:\/\/wsk-hessen.de\/wp-content\/uploads\/2022\/08\/BVA_Fragenkatalog_Sachkunde.pdf\" target=\"_blank\" rel=\"noopener\">Fragenkatalog Waffensachkunde des BVA<\/a><\/p>\n\n\n\n<pre class=\"wp-block-verse\"><br><\/pre>\n\n\n\n<p class=\"has-medium-font-size\"><a href=\"https:\/\/wsk-hessen.de\/wp-content\/uploads\/2026\/04\/Anmeldeformular_SP.pdf\" data-type=\"attachment\" data-id=\"401\">Anmeldeformular f\u00fcr Sportsch\u00fctzen<\/a><br><\/p>\n\n\n\n<p class=\"has-medium-font-size\"><a href=\"https:\/\/wsk-hessen.de\/wp-content\/uploads\/2026\/04\/Anmeldeformular_BWT.pdf\" data-type=\"attachment\" data-id=\"400\" target=\"_blank\" rel=\"noreferrer noopener\">Anmeldeformular f\u00fcr Berufswaffentr\u00e4ger<\/a><br><\/p>\n\n\n\n<p><br><\/p>\n","protected":false},"excerpt":{"rendered":"<p>Fragenkatalog Waffensachkunde des BVA Anmeldeformular f\u00fcr Sportsch\u00fctzen Anmeldeformular f\u00fcr Berufswaffentr\u00e4ger<\/p>\n","protected":false},"author":1,"featured_media":0,"parent":0,"menu_order":0,"comment_status":"closed","ping_status":"closed","template":"","meta":[],"_links":{"self":[{"href":"https:\/\/wsk-hessen.de\/index.php?rest_route=\/wp\/v2\/pages\/241"}],"collection":[{"href":"https:\/\/wsk-hessen.de\/index.php?rest_route=\/wp\/v2\/pages"}],"about":[{"href":"https:\/\/wsk-hessen.de\/index.php?rest_route=\/wp\/v2\/types\/page"}],"author":[{"embeddable":true,"href":"https:\/\/wsk-hessen.de\/index.php?rest_route=\/wp\/v2\/users\/1"}],"replies":[{"embeddable":true,"href":"https:\/\/wsk-hessen.de\/index.php?rest_route=%2Fwp%2Fv2%2Fcomments&post=241"}],"version-history":[{"count":9,"href":"https:\/\/wsk-hessen.de\/index.php?rest_route=\/wp\/v2\/pages\/241\/revisions"}],"predecessor-version":[{"id":402,"href":"https:\/\/wsk-hessen.de\/index.php?rest_route=\/wp\/v2\/pages\/241\/revisions\/402"}],"wp:attachment":[{"href":"https:\/\/wsk-hessen.de\/index.php?rest_route=%2Fwp%2Fv2%2Fmedia&parent=241"}],"curies":[{"name":"wp","href":"https:\/\/api.w.org\/{rel}","templated":true}]}}