{"id":21,"date":"2016-06-24T14:49:35","date_gmt":"2016-06-24T12:49:35","guid":{"rendered":"http:\/\/wsk-hessen.de\/?page_id=21"},"modified":"2026-04-06T19:29:38","modified_gmt":"2026-04-06T17:29:38","slug":"waffensachkunde-berufswaffentraeger","status":"publish","type":"page","link":"https:\/\/wsk-hessen.de\/?page_id=21","title":{"rendered":"Waffensachkunde Berufswaffentr\u00e4ger"},"content":{"rendered":"<h1><span style=\"text-decoration: underline;\"><strong>Waffensachkunde f\u00fcr Berufswaffentr\u00e4ger<\/strong><\/span><\/h1>\n<p><strong>Lehrgangsinhalte<\/strong><\/p>\n<p>Entsprechend der \u00a7\u00a7 1 und 2 der Allgemeinen Waffenverordnung und unter Ber\u00fccksichtigung der Waffenverwaltungsvorschrift werden den angehenden Berufswaffentr\u00e4gern zur Vorbereitung auf die Waffensachkundepr\u00fcfung folgende theoretische und praktische Kenntnisse und Fertigkeiten vermittelt:<\/p>\n<ol>\n<li><em> Theoretische Ausbildung<\/em><\/li>\n<\/ol>\n<ul>\n<li>Umgang mit Waffen und Munition hinsichtlich der Rechtsvorschriften des Waffen-, Beschuss- und Strafrechts<\/li>\n<li>Erkennen und Beurteilen von Notwehr- und Notstandssituationen<\/li>\n<li>Waffentechnik f\u00fcr Schusswaffen in Bezug auf Funktionsweise sowie Innen-, Au\u00dfen- und Zielballistik<\/li>\n<li>Reichweite und Wirkungsweise von Geschossen<\/li>\n<li>Besondere Bestimmungen der Unfallverh\u00fctungsvorschrift f\u00fcr Wach- und Sicherungsdienste (DGUV V23)<\/li>\n<\/ul>\n<ol start=\"2\">\n<li><em> Praktische Waffen- und Schie\u00dfausbildung<\/em><\/li>\n<\/ol>\n<ul>\n<li>sichere Handhabung von Waffen und Munition<\/li>\n<li>intensive Waffen- und Schie\u00dfausbildung (Ziel: ausreichende Schie\u00dffertigkeit)<\/li>\n<\/ul>\n<p>Die theoretische und praktische Pr\u00fcfung dauern insgesamt einen Tag.<br \/>\nBei erfolgreich abgelegter Pr\u00fcfung wird ein Waffensachkundezeugnis erteilt, das bundesweit von allen Waffenbeh\u00f6rden anerkannt wird, da wir staatlich anerkannter Ausbildungstr\u00e4ger f\u00fcr die Waffensachkunde sind.<\/p>\n<p>Unterlagen und Ausr\u00fcstung stellen wir selbstverst\u00e4ndlich zur Verf\u00fcgung.<\/p>\n<p><strong>Allgemeine Informationen<\/strong><\/p>\n<p>Dieser Kurs richtet sich an alle Personen, die professionelle Berufswaffentr\u00e4ger in den Bereichen des Geld- und Werttransports oder des Personen- und Begleitschutzes werden m\u00f6chten und daf\u00fcr die Erteilung von Waffenbesitzkarten bzw. Waffenscheinen ben\u00f6tigen.<\/p>\n<p><strong>Voraussetzungen<\/strong><\/p>\n<ul>\n<li>pers\u00f6nliche und k\u00f6rperliche Eignung gem. WaffG<\/li>\n<li>F\u00fchrungszeugnis (nicht \u00e4lter als sechs Wochen vor Lehrgangsbeginn)<\/li>\n<li>Vollj\u00e4hrigkeit<\/li>\n<\/ul>\n<p><strong>Kursdauer\/Kosten<\/strong><\/p>\n<ul>\n<li>F\u00fcnf Tage (Vier Tage Ausbildung in Theorie und Praxis)<\/li>\n<li>Ein Pr\u00fcfungstag<\/li>\n<li>Kosten: 495,\u2013 \u20ac zzgl. MwSt. (Darin sind Lehrgangsunterlagen, Pr\u00fcfungsgeb\u00fchr sowie die Munitionskosten f\u00fcr die Pr\u00fcfung enthalten)<\/li>\n<li>Zus\u00e4tzliche Trainingsmunition wird nach Aufwand vor Ort berechnet<\/li>\n<\/ul>\n<p><strong>Anmeldung<\/strong><\/p>\n<ul>\n<li>Bitte nutzen Sie das Anmeldeformular f\u00fcr Berufswaffentr\u00e4ger<\/li>\n<li>Teilen Sie uns bitte unbedingt Ihre eMail-Adresse mit, da die Lehrgangsunterlagen per Mail verschickt werden.<\/li>\n<li>Es gelten die <a href=\"https:\/\/wsk-hessen.de\/?attachment_id=399\">Allgemeinen Lehrgangsbedingungen<\/a><\/li>\n<li><a href=\"https:\/\/wsk-hessen.de\/?attachment_id=400\">Anmeldeformular Berufswaffentr\u00e4ger<\/a><\/li>\n<\/ul>\n<p><strong>Termine<\/strong><\/p>\n<p>F\u00fcr Firmen k\u00f6nnen individuelle Lehrgansgtermine vereinbart werden.<\/p>\n","protected":false},"excerpt":{"rendered":"<p>Waffensachkunde f\u00fcr Berufswaffentr\u00e4ger Lehrgangsinhalte Entsprechend der \u00a7\u00a7 1 und 2 der Allgemeinen Waffenverordnung und unter Ber\u00fccksichtigung der Waffenverwaltungsvorschrift werden den angehenden Berufswaffentr\u00e4gern zur Vorbereitung auf die Waffensachkundepr\u00fcfung folgende theoretische und praktische Kenntnisse und Fertigkeiten vermittelt: Theoretische Ausbildung Umgang mit Waffen und Munition hinsichtlich der Rechtsvorschriften des Waffen-, Beschuss- und Strafrechts Erkennen und Beurteilen von Notwehr- [&hellip;]<\/p>\n","protected":false},"author":1,"featured_media":0,"parent":14,"menu_order":0,"comment_status":"closed","ping_status":"closed","template":"","meta":[],"_links":{"self":[{"href":"https:\/\/wsk-hessen.de\/index.php?rest_route=\/wp\/v2\/pages\/21"}],"collection":[{"href":"https:\/\/wsk-hessen.de\/index.php?rest_route=\/wp\/v2\/pages"}],"about":[{"href":"https:\/\/wsk-hessen.de\/index.php?rest_route=\/wp\/v2\/types\/page"}],"author":[{"embeddable":true,"href":"https:\/\/wsk-hessen.de\/index.php?rest_route=\/wp\/v2\/users\/1"}],"replies":[{"embeddable":true,"href":"https:\/\/wsk-hessen.de\/index.php?rest_route=%2Fwp%2Fv2%2Fcomments&post=21"}],"version-history":[{"count":10,"href":"https:\/\/wsk-hessen.de\/index.php?rest_route=\/wp\/v2\/pages\/21\/revisions"}],"predecessor-version":[{"id":411,"href":"https:\/\/wsk-hessen.de\/index.php?rest_route=\/wp\/v2\/pages\/21\/revisions\/411"}],"up":[{"embeddable":true,"href":"https:\/\/wsk-hessen.de\/index.php?rest_route=\/wp\/v2\/pages\/14"}],"wp:attachment":[{"href":"https:\/\/wsk-hessen.de\/index.php?rest_route=%2Fwp%2Fv2%2Fmedia&parent=21"}],"curies":[{"name":"wp","href":"https:\/\/api.w.org\/{rel}","templated":true}]}}