{"id":202,"date":"2018-12-19T14:12:01","date_gmt":"2018-12-19T13:12:01","guid":{"rendered":"http:\/\/wsk-hessen.de\/?page_id=202"},"modified":"2023-02-24T23:46:14","modified_gmt":"2023-02-24T22:46:14","slug":"allgemeine-lehrgangsbedingungen","status":"publish","type":"page","link":"https:\/\/wsk-hessen.de\/?page_id=202","title":{"rendered":"Allgemeine Lehrgangsbedingungen"},"content":{"rendered":"\n<ol>\n<li>Die Waffensachkundelehrg\u00e4nge (im folgenden Lehrg\u00e4nge genannt) werden vom Lehrgangstr\u00e4ger zu den, auf der Homepage des Lehrgangstr\u00e4gers (<a href=\"http:\/\/www.wsk-hessen.de\">www.wsk-hessen.de<\/a>) bekanntgegebenen Terminen durchgef\u00fchrt.<\/li>\n\n\n\n<li>Die vom Lehrgangstr\u00e4ger bekanntgegebenen Lehrgangstermine sowie die Anmeldefristen sind bindend.<\/li>\n\n\n\n<li>Die Absage eines Lehrgangs aus wichtigem Grund bleibt allein dem Lehrgangstr\u00e4ger vorbehalten.<\/li>\n\n\n\n<li>Die Lehrg\u00e4nge finden an einem geeigneten Lehrgangsort statt. Dieser wird vom Lehrgangstr\u00e4ger bestimmt und liegt innerhalb des Schwalm-Eder-Kreises.<\/li>\n\n\n\n<li>Sollte aus organisatorischen Gr\u00fcnden eine kurzfristige Verlegung des Lehrgangs an einen anderen Lehrgangsort erfolgen m\u00fcssen, so liegt dies allein im Ermessen des Lehrgangstr\u00e4gers und ist f\u00fcr den Teilnehmer bindend.<\/li>\n\n\n\n<li>Die Lehrgangsunterlagen (Fragebogen, Skript, etc.) sowie alle Informationen, die f\u00fcr die Anreise zum und die Teilnahme am Lehrgang erforderlich sind, werden den Teilnehmern nach Beendigung der Anmeldefrist und Zahlung der Lehrgangsgeb\u00fchren per E-Mail vom Lehrgangstr\u00e4ger zugesandt.<br>Eine postalische \u00dcbersendung der Lehrgangsunterlagen erfolgt nach Absprache gegen Erstattung einer Aufwandspauschale.<\/li>\n\n\n\n<li>Die Lehrgangsgeb\u00fchren sind vor Beginn des Lehrgangs auf das Konto des Lehrgangstr\u00e4gers zu \u00fcberweisen.<br>Nach Zahlungseingang wird die Teilnahme am Lehrgang vom Lehrgangstr\u00e4ger per E-Mail best\u00e4tigt.<br>Ein Rechtsanspruch auf Teilnahme am Lehrgang besteht nicht.<\/li>\n\n\n\n<li>Die Lehrg\u00e4nge bestehen aus einem Pr\u00e4senzanteil und einem Selbstlernanteil. Der Selbstlernanteil dient zur Vorbereitung auf den Pr\u00e4senzanteil und umfasst 8 UE.<\/li>\n\n\n\n<li>Bei Nichtbestehen einer oder beider Pr\u00fcfungsteile (schriftlich \/ praktisch) und dem damit verbundenen Nichtbestehen des Lehrgangs hat der Teilnehmer keinen Anspruch auf R\u00fcckerstattung der Lehrgangsgeb\u00fchren.<\/li>\n\n\n\n<li>Eine kostenfreie Stornierung des Lehrgangs ist nur bis 4 Wochen vor Lehrgangsbeginn (s.h. Homepage des Lehrgangstr\u00e4gers) m\u00f6glich.<br>Bei einer Stornierung des Lehrgangs bis 14 Tage vor Lehrgangsbeginn fallen 50% der Lehrgangsgeb\u00fchren an.<br>Bei sp\u00e4terer Stornierung fallen die kompletten Lehrgangsgeb\u00fchren an.<\/li>\n\n\n\n<li>Die Verarbeitung und Speicherung sowie Weitergabe der Teilnehmerdaten, welche \u00fcber die Anmeldeformulare erhoben werden, erfolgt ausschlie\u00dflich zu Lehrgangszwecken und nach den geltenden Bestimmungen der EU-Datenschutz\u00adgrundverordnung sowie des Bundesdatenschutzgesetzes.<\/li>\n\n\n\n<li>Sitz des Lehrgangstr\u00e4gers ist Fritzlar. Dies ist auch der Gerichtsstand.<\/li>\n<\/ol>\n\n\n\n<p>gez.<br>\n<br>\nBernhard Triebf\u00fcrst<br>\nLehrgangstr\u00e4ger<\/p>\n\n\n\n<p><\/p>\n","protected":false},"excerpt":{"rendered":"<p>gez. Bernhard Triebf\u00fcrst Lehrgangstr\u00e4ger<\/p>\n","protected":false},"author":1,"featured_media":0,"parent":0,"menu_order":0,"comment_status":"closed","ping_status":"closed","template":"","meta":[],"_links":{"self":[{"href":"https:\/\/wsk-hessen.de\/index.php?rest_route=\/wp\/v2\/pages\/202"}],"collection":[{"href":"https:\/\/wsk-hessen.de\/index.php?rest_route=\/wp\/v2\/pages"}],"about":[{"href":"https:\/\/wsk-hessen.de\/index.php?rest_route=\/wp\/v2\/types\/page"}],"author":[{"embeddable":true,"href":"https:\/\/wsk-hessen.de\/index.php?rest_route=\/wp\/v2\/users\/1"}],"replies":[{"embeddable":true,"href":"https:\/\/wsk-hessen.de\/index.php?rest_route=%2Fwp%2Fv2%2Fcomments&post=202"}],"version-history":[{"count":7,"href":"https:\/\/wsk-hessen.de\/index.php?rest_route=\/wp\/v2\/pages\/202\/revisions"}],"predecessor-version":[{"id":369,"href":"https:\/\/wsk-hessen.de\/index.php?rest_route=\/wp\/v2\/pages\/202\/revisions\/369"}],"wp:attachment":[{"href":"https:\/\/wsk-hessen.de\/index.php?rest_route=%2Fwp%2Fv2%2Fmedia&parent=202"}],"curies":[{"name":"wp","href":"https:\/\/api.w.org\/{rel}","templated":true}]}}