{"id":2,"date":"2016-06-23T10:54:28","date_gmt":"2016-06-23T10:54:28","guid":{"rendered":"http:\/\/wsk-hessen.de\/?page_id=2"},"modified":"2021-11-10T18:33:49","modified_gmt":"2021-11-10T17:33:49","slug":"sample-page","status":"publish","type":"page","link":"https:\/\/wsk-hessen.de\/","title":{"rendered":"Home"},"content":{"rendered":"<h1><strong>Herzlich Willkommen auf der Homepage von WSK-Hessen.de<\/strong><\/h1>\n<h2>Hier finden Sie&nbsp; Informationen zu Waffensachkunde-Lehrg\u00e4ngen f\u00fcr<\/h2>\n<h2><a title=\"Waffensachkunde Sportsch\u00fctzen\" href=\"https:\/\/wsk-hessen.de\/?page_id=18\" target=\"_blank\" rel=\"noopener\">Sportsch\u00fctzen<\/a><\/h2>\n<h2>und<\/h2>\n<h2><a title=\"Waffensachkunde Berufswaffentr\u00e4ger\" href=\"https:\/\/wsk-hessen.de\/?page_id=21\" target=\"_blank\" rel=\"noopener\">Berufswaffentr\u00e4ger (Bewachungspersonal)<\/a><\/h2>\n<h2>sowie zu<\/h2>\n<h2><a title=\"Schiessnachweise\" href=\"https:\/\/wsk-hessen.de\/?page_id=66\" target=\"_blank\" rel=\"noopener\">Schie\u00dfnachweisen f\u00fcr Berufswaffentr\u00e4ger nach \u00a7 18 Unfallverh\u00fctungsvorschrift DGUV V23<\/a><\/h2>\n<h2>Falls Sie Fragen haben oder weitere Informationen ben\u00f6tigen,<br \/>\nnutzen Sie bitte das <a href=\"https:\/\/wsk-hessen.de\/?page_id=33\">Kontaktformular<\/a> oder senden Sie uns eine <a href=\"mailto:b.triebfuerst@wsk-hessen.de\">eMail.<\/a><\/h2>\n","protected":false},"excerpt":{"rendered":"<p>Herzlich Willkommen auf der Homepage von WSK-Hessen.de Hier finden Sie&nbsp; Informationen zu Waffensachkunde-Lehrg\u00e4ngen f\u00fcr Sportsch\u00fctzen und Berufswaffentr\u00e4ger (Bewachungspersonal) sowie zu Schie\u00dfnachweisen f\u00fcr Berufswaffentr\u00e4ger nach \u00a7 18 Unfallverh\u00fctungsvorschrift DGUV V23 Falls Sie Fragen haben oder weitere Informationen ben\u00f6tigen, nutzen Sie bitte das Kontaktformular oder senden Sie uns eine eMail.<\/p>\n","protected":false},"author":1,"featured_media":0,"parent":0,"menu_order":0,"comment_status":"closed","ping_status":"open","template":"","meta":[],"_links":{"self":[{"href":"https:\/\/wsk-hessen.de\/index.php?rest_route=\/wp\/v2\/pages\/2"}],"collection":[{"href":"https:\/\/wsk-hessen.de\/index.php?rest_route=\/wp\/v2\/pages"}],"about":[{"href":"https:\/\/wsk-hessen.de\/index.php?rest_route=\/wp\/v2\/types\/page"}],"author":[{"embeddable":true,"href":"https:\/\/wsk-hessen.de\/index.php?rest_route=\/wp\/v2\/users\/1"}],"replies":[{"embeddable":true,"href":"https:\/\/wsk-hessen.de\/index.php?rest_route=%2Fwp%2Fv2%2Fcomments&post=2"}],"version-history":[{"count":10,"href":"https:\/\/wsk-hessen.de\/index.php?rest_route=\/wp\/v2\/pages\/2\/revisions"}],"predecessor-version":[{"id":352,"href":"https:\/\/wsk-hessen.de\/index.php?rest_route=\/wp\/v2\/pages\/2\/revisions\/352"}],"wp:attachment":[{"href":"https:\/\/wsk-hessen.de\/index.php?rest_route=%2Fwp%2Fv2%2Fmedia&parent=2"}],"curies":[{"name":"wp","href":"https:\/\/api.w.org\/{rel}","templated":true}]}}