{"id":18,"date":"2016-06-24T14:47:58","date_gmt":"2016-06-24T12:47:58","guid":{"rendered":"http:\/\/wsk-hessen.de\/?page_id=18"},"modified":"2026-01-04T14:57:16","modified_gmt":"2026-01-04T13:57:16","slug":"waffensachkunde-sportschuetzen","status":"publish","type":"page","link":"https:\/\/wsk-hessen.de\/?page_id=18","title":{"rendered":"Waffensachkunde Sportsch\u00fctzen"},"content":{"rendered":"<h1><span style=\"text-decoration: underline;\"><strong>Waffensachkunde f\u00fcr Sportsch\u00fctzen<\/strong><\/span><\/h1>\n<p><strong>Lehrgangsinhalte<\/strong><\/p>\n<p>Entsprechend der \u00a7\u00a7 1 und 2 der Allgemeinen Waffenverordnung und unter Ber\u00fccksichtigung der Waffenverwaltungsvorschrift werden den angehenden Sportsch\u00fctzen zur Vorbereitung auf die Waffensachkundepr\u00fcfung folgende theoretische und praktische Kenntnisse und Fertigkeiten vermittelt:<\/p>\n<ol>\n<li><em> Theoretische Ausbildung<\/em><\/li>\n<\/ol>\n<ul>\n<li>Umgang mit Waffen und Munition hinsichtlich der Rechtsvorschriften des Waffen-, Beschuss- und Strafrechts<\/li>\n<li>Erkennen und Beurteilen von Notwehr- und Notstandssituationen<\/li>\n<li>Waffentechnik f\u00fcr Schusswaffen in Bezug auf Funktionsweise sowie Innen-, Au\u00dfen- und Zielballistik<\/li>\n<li>Reichweite und Wirkungsweise von Geschossen<\/li>\n<li>Bef\u00e4higung zur verantwortlichen Standaufsicht<\/li>\n<\/ul>\n<ol start=\"2\">\n<li><em> Praktische Ausbildung<\/em><\/li>\n<\/ol>\n<ul>\n<li>sichere Handhabung von Waffen und Munition bei der Schussabgabe<\/li>\n<\/ul>\n<p>Die theoretische Pr\u00fcfung findet am Ende des Legrangs statt, die praktische Pr\u00fcfung wird w\u00e4hrend des Lehrgangs durchgef\u00fchrt.<\/p>\n<p>Bei erfolgreich abgelegter Pr\u00fcfung wird ein Waffensachkundezeugnis erteilt, das bundesweit von allen Waffenbeh\u00f6rden anerkannt wird, da wir staatlich anerkannter Ausbildungstr\u00e4ger f\u00fcr die Waffensachkunde sind.<\/p>\n<p>Unterlagen und Ausr\u00fcstung stellen wir selbstverst\u00e4ndlich zur Verf\u00fcgung.<\/p>\n<p><strong>Allgemeine Informationen<\/strong><\/p>\n<p>Dieser Kurs richtet sich an alle Personen, die dem Schie\u00dfsport als Sportsch\u00fctze mindestens 6 Monate nachgehen und zur Vorbereitung auf die Erteilung einer Waffenbesitzkarte einen Waffensachkundelehrgang nachweisen m\u00fcssen.<\/p>\n<p><strong>Voraussetzungen<\/strong><\/p>\n<ul>\n<li>pers\u00f6nliche und k\u00f6rperliche Eignung gem. WaffG<\/li>\n<li>Vollj\u00e4hrigkeit<\/li>\n<\/ul>\n<p><strong>Kursdauer \/ Kosten<br \/>\n<\/strong><\/p>\n<ul>\n<li>Zwei Tage inklusive Pr\u00fcfung<\/li>\n<li>Kosten: 195,&#8211; \u20ac incl. Lehrgangsunterlagen und Pr\u00fcfungsgeb\u00fchr<\/li>\n<\/ul>\n<p><strong>Anmeldung<\/strong><\/p>\n<ul>\n<li>Bitte nutzen Sie das Anmeldeformular<\/li>\n<li>Teilen Sie uns bitte unbedingt Ihre eMail-Adresse mit, da die Lehrgangsunterlagen per Mail verschickt werden.<\/li>\n<li>Lehrgangsunterlagen in gedruckter Form gegen zus\u00e4tzliche Aufwandspauschale von 15,&#8211;\u20ac erh\u00e4ltlich.<\/li>\n<li>Es gelten die <a href=\"https:\/\/wsk-hessen.de\/?attachment_id=368\">Allgemeinen Lehrgangsbedingungen<\/a><\/li>\n<li><a href=\"https:\/\/wsk-hessen.de\/wp-content\/uploads\/2022\/08\/Anmeldeformular_SP.pdf\">Anmeldeformular f\u00fcr Sportsch\u00fctzen<\/a><\/li>\n<\/ul>\n<p><strong>Termine<\/strong><\/p>\n<p>Die aktuellen Lehrgangstermine finden Sie <a title=\"Termine Sportsch\u00fctzen\" href=\"https:\/\/wsk-hessen.de\/?page_id=92\">hier<\/a>.<\/p>\n","protected":false},"excerpt":{"rendered":"<p>Waffensachkunde f\u00fcr Sportsch\u00fctzen Lehrgangsinhalte Entsprechend der \u00a7\u00a7 1 und 2 der Allgemeinen Waffenverordnung und unter Ber\u00fccksichtigung der Waffenverwaltungsvorschrift werden den angehenden Sportsch\u00fctzen zur Vorbereitung auf die Waffensachkundepr\u00fcfung folgende theoretische und praktische Kenntnisse und Fertigkeiten vermittelt: Theoretische Ausbildung Umgang mit Waffen und Munition hinsichtlich der Rechtsvorschriften des Waffen-, Beschuss- und Strafrechts Erkennen und Beurteilen von Notwehr- [&hellip;]<\/p>\n","protected":false},"author":1,"featured_media":0,"parent":14,"menu_order":0,"comment_status":"closed","ping_status":"closed","template":"","meta":[],"_links":{"self":[{"href":"https:\/\/wsk-hessen.de\/index.php?rest_route=\/wp\/v2\/pages\/18"}],"collection":[{"href":"https:\/\/wsk-hessen.de\/index.php?rest_route=\/wp\/v2\/pages"}],"about":[{"href":"https:\/\/wsk-hessen.de\/index.php?rest_route=\/wp\/v2\/types\/page"}],"author":[{"embeddable":true,"href":"https:\/\/wsk-hessen.de\/index.php?rest_route=\/wp\/v2\/users\/1"}],"replies":[{"embeddable":true,"href":"https:\/\/wsk-hessen.de\/index.php?rest_route=%2Fwp%2Fv2%2Fcomments&post=18"}],"version-history":[{"count":10,"href":"https:\/\/wsk-hessen.de\/index.php?rest_route=\/wp\/v2\/pages\/18\/revisions"}],"predecessor-version":[{"id":395,"href":"https:\/\/wsk-hessen.de\/index.php?rest_route=\/wp\/v2\/pages\/18\/revisions\/395"}],"up":[{"embeddable":true,"href":"https:\/\/wsk-hessen.de\/index.php?rest_route=\/wp\/v2\/pages\/14"}],"wp:attachment":[{"href":"https:\/\/wsk-hessen.de\/index.php?rest_route=%2Fwp%2Fv2%2Fmedia&parent=18"}],"curies":[{"name":"wp","href":"https:\/\/api.w.org\/{rel}","templated":true}]}}