{"id":171,"date":"2018-12-11T17:39:52","date_gmt":"2018-12-11T16:39:52","guid":{"rendered":"http:\/\/wsk-hessen.de\/?page_id=171"},"modified":"2022-08-28T20:25:32","modified_gmt":"2022-08-28T18:25:32","slug":"aktueller-fragenkatalog-des-bva","status":"publish","type":"page","link":"https:\/\/wsk-hessen.de\/?page_id=171","title":{"rendered":"Aktueller Fragenkatalog des BVA"},"content":{"rendered":"<h3>Das Bundesverwaltungsamt (BVA) hat im M\u00e4rz 2022 einen neuen, \u00fcberarbeiteten Fragenkatalog f\u00fcr die Waffensachkundepr\u00fcfung herausgebracht.<\/h3>\n<h3>Der aktuelle Fagaenkatalog kann unter Downloads heruntergeladen werden.<\/h3>\n<h3>Einen Link zum Bundesverwaltungsamt finden Sie <a href=\"https:\/\/www.bva.bund.de\/DE\/Home\/home_node.html\">hier<\/a>.<\/h3>\n","protected":false},"excerpt":{"rendered":"<p>Das Bundesverwaltungsamt (BVA) hat im M\u00e4rz 2022 einen neuen, \u00fcberarbeiteten Fragenkatalog f\u00fcr die Waffensachkundepr\u00fcfung herausgebracht. Der aktuelle Fagaenkatalog kann unter Downloads heruntergeladen werden. Einen Link zum Bundesverwaltungsamt finden Sie hier.<\/p>\n","protected":false},"author":1,"featured_media":0,"parent":0,"menu_order":0,"comment_status":"closed","ping_status":"closed","template":"","meta":[],"_links":{"self":[{"href":"https:\/\/wsk-hessen.de\/index.php?rest_route=\/wp\/v2\/pages\/171"}],"collection":[{"href":"https:\/\/wsk-hessen.de\/index.php?rest_route=\/wp\/v2\/pages"}],"about":[{"href":"https:\/\/wsk-hessen.de\/index.php?rest_route=\/wp\/v2\/types\/page"}],"author":[{"embeddable":true,"href":"https:\/\/wsk-hessen.de\/index.php?rest_route=\/wp\/v2\/users\/1"}],"replies":[{"embeddable":true,"href":"https:\/\/wsk-hessen.de\/index.php?rest_route=%2Fwp%2Fv2%2Fcomments&post=171"}],"version-history":[{"count":3,"href":"https:\/\/wsk-hessen.de\/index.php?rest_route=\/wp\/v2\/pages\/171\/revisions"}],"predecessor-version":[{"id":351,"href":"https:\/\/wsk-hessen.de\/index.php?rest_route=\/wp\/v2\/pages\/171\/revisions\/351"}],"wp:attachment":[{"href":"https:\/\/wsk-hessen.de\/index.php?rest_route=%2Fwp%2Fv2%2Fmedia&parent=171"}],"curies":[{"name":"wp","href":"https:\/\/api.w.org\/{rel}","templated":true}]}}