{"id":14,"date":"2016-06-24T14:45:00","date_gmt":"2016-06-24T12:45:00","guid":{"rendered":"http:\/\/wsk-hessen.de\/?page_id=14"},"modified":"2019-09-05T19:08:27","modified_gmt":"2019-09-05T17:08:27","slug":"lehrgaenge","status":"publish","type":"page","link":"https:\/\/wsk-hessen.de\/?page_id=14","title":{"rendered":"Lehrg\u00e4nge"},"content":{"rendered":"<h3>Zur Vermittlung der Sachkunde nach \u00a7 7 Waffengesetz (WaffG) im Umgang mit Lang- und Kurzwaffen sowie Munition f\u00fchren wir staatlich anerkannte Waffensachkunde-Lehrg\u00e4nge durch.<\/h3>\n<h3>Hierbe ist zwischen folgenden Waffensachkunde-Lehrg\u00e4ngen zu unterscheiden:<\/h3>\n<ul>\n<li>\n<h3><a href=\"https:\/\/wsk-hessen.de\/lehrgaenge\/waffensachkunde-sportschuetzen\/\">Waffensachkunde f\u00fcr Sportsch\u00fctzen<br \/>\n<\/a>(\u00a714 WaffG)<\/h3>\n<\/li>\n<li>\n<h3><a href=\"https:\/\/wsk-hessen.de\/lehrgaenge\/waffensachkunde-berufswaffentraeger\/\">Waffensachkunde f\u00fcr Berufswaffentr\u00e4ger <\/a>(Bewachungspersonal) (\u00a728 WaffG)<\/h3>\n<\/li>\n<\/ul>\n<h3>Zus\u00e4tzlich bieten wir die Abnahme der <a href=\"https:\/\/wsk-hessen.de\/lehrgaenge\/schiessnachweise\/\">Schie\u00dfnachweise f\u00fcr Berufswaffentr\u00e4ger<\/a> an.<\/h3>\n","protected":false},"excerpt":{"rendered":"<p>Zur Vermittlung der Sachkunde nach \u00a7 7 Waffengesetz (WaffG) im Umgang mit Lang- und Kurzwaffen sowie Munition f\u00fchren wir staatlich anerkannte Waffensachkunde-Lehrg\u00e4nge durch. Hierbe ist zwischen folgenden Waffensachkunde-Lehrg\u00e4ngen zu unterscheiden: Waffensachkunde f\u00fcr Sportsch\u00fctzen (\u00a714 WaffG) Waffensachkunde f\u00fcr Berufswaffentr\u00e4ger (Bewachungspersonal) (\u00a728 WaffG) Zus\u00e4tzlich bieten wir die Abnahme der Schie\u00dfnachweise f\u00fcr Berufswaffentr\u00e4ger an.<\/p>\n","protected":false},"author":1,"featured_media":0,"parent":0,"menu_order":0,"comment_status":"closed","ping_status":"closed","template":"","meta":[],"_links":{"self":[{"href":"https:\/\/wsk-hessen.de\/index.php?rest_route=\/wp\/v2\/pages\/14"}],"collection":[{"href":"https:\/\/wsk-hessen.de\/index.php?rest_route=\/wp\/v2\/pages"}],"about":[{"href":"https:\/\/wsk-hessen.de\/index.php?rest_route=\/wp\/v2\/types\/page"}],"author":[{"embeddable":true,"href":"https:\/\/wsk-hessen.de\/index.php?rest_route=\/wp\/v2\/users\/1"}],"replies":[{"embeddable":true,"href":"https:\/\/wsk-hessen.de\/index.php?rest_route=%2Fwp%2Fv2%2Fcomments&post=14"}],"version-history":[{"count":6,"href":"https:\/\/wsk-hessen.de\/index.php?rest_route=\/wp\/v2\/pages\/14\/revisions"}],"predecessor-version":[{"id":238,"href":"https:\/\/wsk-hessen.de\/index.php?rest_route=\/wp\/v2\/pages\/14\/revisions\/238"}],"wp:attachment":[{"href":"https:\/\/wsk-hessen.de\/index.php?rest_route=%2Fwp%2Fv2%2Fmedia&parent=14"}],"curies":[{"name":"wp","href":"https:\/\/api.w.org\/{rel}","templated":true}]}}