{"id":110,"date":"2017-09-16T10:36:10","date_gmt":"2017-09-16T08:36:10","guid":{"rendered":"http:\/\/wsk-hessen.de\/?page_id=110"},"modified":"2022-03-13T18:23:06","modified_gmt":"2022-03-13T17:23:06","slug":"waffensachkunde-schuetzenvereine","status":"publish","type":"page","link":"https:\/\/wsk-hessen.de\/?page_id=110","title":{"rendered":"Waffensachkunde Sch\u00fctzenvereine"},"content":{"rendered":"<h1><span style=\"text-decoration: underline;\"><strong>Waffensachkunde f\u00fcr Sch\u00fctzenvereine<\/strong><\/span><\/h1>\n<p><strong>Allgemeine Informationen<\/strong><\/p>\n<p>Dieses Angebot richtet sich an Sch\u00fctzenvereine, die mehrere Mitglieder haben, die einen Wafensachkundelehrgang ben\u00f6tigen.<\/p>\n<p>Nach individueller Terminabsprache wird der Waffensachkundekurs in Ihren R\u00e4umlichkeiten (z.B. Sch\u00fctzenhaus) abgehalten.<\/p>\n<p><strong>Lehrgangsinhalte<\/strong><\/p>\n<p>Diese entnehmen Sie bitte der Seite &#8222;<a href=\"https:\/\/wsk-hessen.de\/lehrgaenge\/waffensachkunde-sportschuetzen\/\" target=\"_blank\" rel=\"noopener\">Waffensachkunde f\u00fcr Sortsch\u00fctzen<\/a>&#8220;<\/p>\n<p><strong>Voraussetzungen des Sch\u00fctzenvereins<\/strong><\/p>\n<ul>\n<li>R\u00e4umlichkeiten zur Schulung von bis zu 20 Personen<\/li>\n<li>Schie\u00dfstand (mind. zugelassen f\u00fcr .22lr.)<\/li>\n<li>Leinwand zur Darstellung von Pr\u00e4sentationen<\/li>\n<\/ul>\n<p><strong>Voraussetzungen der Teilnehmer<br \/>\n<\/strong><\/p>\n<ul>\n<li>pers\u00f6nliche und k\u00f6rperliche Eignung gem. WaffG<\/li>\n<li>Vollj\u00e4hrigkeit<\/li>\n<\/ul>\n<p><strong>Kursdauer<br \/>\n<\/strong><\/p>\n<ul>\n<li>Zwei Tage inklusive Pr\u00fcfung (24 UE)<\/li>\n<\/ul>\n<p><strong>Kosten je Lehrgangsteilnehmer<\/strong><\/p>\n<ul>\n<li>150,&#8211; \u20ac incl. Lehrgangsunterlagen und Pr\u00fcfungsgeb\u00fchr<\/li>\n<\/ul>\n<p><strong>Kosten f\u00fcr den Verein je Lehrgang<\/strong><\/p>\n<ul>\n<li>Anfahrts- und \u00dcbernachtungskosten<\/li>\n<\/ul>\n<p><strong>Anmeldung<\/strong><\/p>\n<ul>\n<li>Bitte sprechen Sie einen individuellen Termin mit uns ab.<\/li>\n<li>Gern k\u00f6nne Sie hierf\u00fcr unser <a href=\"https:\/\/wsk-hessen.de\/kontakt\/\" target=\"_blank\" rel=\"noopener\">Kontaktformular<\/a> nutzen oder uns ein <a href=\"mailto:b.triebfuerst@wsk-hessen.de\" target=\"_blank\" rel=\"noopener\">e-Mail<\/a> schreiben<\/li>\n<\/ul>\n","protected":false},"excerpt":{"rendered":"<p>Waffensachkunde f\u00fcr Sch\u00fctzenvereine Allgemeine Informationen Dieses Angebot richtet sich an Sch\u00fctzenvereine, die mehrere Mitglieder haben, die einen Wafensachkundelehrgang ben\u00f6tigen. Nach individueller Terminabsprache wird der Waffensachkundekurs in Ihren R\u00e4umlichkeiten (z.B. Sch\u00fctzenhaus) abgehalten. Lehrgangsinhalte Diese entnehmen Sie bitte der Seite &#8222;Waffensachkunde f\u00fcr Sortsch\u00fctzen&#8220; Voraussetzungen des Sch\u00fctzenvereins R\u00e4umlichkeiten zur Schulung von bis zu 20 Personen Schie\u00dfstand (mind. zugelassen [&hellip;]<\/p>\n","protected":false},"author":1,"featured_media":0,"parent":14,"menu_order":0,"comment_status":"closed","ping_status":"closed","template":"","meta":[],"_links":{"self":[{"href":"https:\/\/wsk-hessen.de\/index.php?rest_route=\/wp\/v2\/pages\/110"}],"collection":[{"href":"https:\/\/wsk-hessen.de\/index.php?rest_route=\/wp\/v2\/pages"}],"about":[{"href":"https:\/\/wsk-hessen.de\/index.php?rest_route=\/wp\/v2\/types\/page"}],"author":[{"embeddable":true,"href":"https:\/\/wsk-hessen.de\/index.php?rest_route=\/wp\/v2\/users\/1"}],"replies":[{"embeddable":true,"href":"https:\/\/wsk-hessen.de\/index.php?rest_route=%2Fwp%2Fv2%2Fcomments&post=110"}],"version-history":[{"count":8,"href":"https:\/\/wsk-hessen.de\/index.php?rest_route=\/wp\/v2\/pages\/110\/revisions"}],"predecessor-version":[{"id":327,"href":"https:\/\/wsk-hessen.de\/index.php?rest_route=\/wp\/v2\/pages\/110\/revisions\/327"}],"up":[{"embeddable":true,"href":"https:\/\/wsk-hessen.de\/index.php?rest_route=\/wp\/v2\/pages\/14"}],"wp:attachment":[{"href":"https:\/\/wsk-hessen.de\/index.php?rest_route=%2Fwp%2Fv2%2Fmedia&parent=110"}],"curies":[{"name":"wp","href":"https:\/\/api.w.org\/{rel}","templated":true}]}}